{"id":4548,"date":"2014-03-10T17:23:40","date_gmt":"2014-03-10T17:23:40","guid":{"rendered":"http:\/\/theme-fusion.com\/avadaxml\/?page_id=4548"},"modified":"2023-05-20T11:57:35","modified_gmt":"2023-05-20T09:57:35","slug":"one-page","status":"publish","type":"page","link":"https:\/\/murscak.info\/hr\/","title":{"rendered":"pocetna"},"content":{"rendered":"<div id=\"intro\"><div class=\"fusion-fullwidth fullwidth-box hentry\" style=\"background-attachment:fixed;background-color:#f8f8f8;background-position:top left;background-repeat:no-repeat;-webkit-background-size:cover;-moz-background-size:cover;-o-background-size:cover;background-size:cover;border-color:#e5e4e4;border-bottom-width: 1px;border-top-width: 1px;border-bottom-style: solid;border-top-style: solid;padding-bottom:0px;padding-top:25px;\"><div class=\"avada-row\">\n<h1 style=\"text-align: center; font-size: 30px;\">Pou\u010dna staza Mur\u0161\u010dak<\/h1>\n<p style=\"text-align: center; margin-top: -10px; font-size: 17px;\">Dobro do\u0161li na stazu prijateljstva s prirodom.<\/p>\n<div class=\"fusion-sep-clear\"><\/div><div class=\"fusion-separator sep-double\" style=\"border-color:#e0dede;margin-top:15px;margin-bottom:40px;\"><\/div>\n<div class=\"imageframe-align-center\"><style type=\"text\/css\">.imageframe-1 img{border:0px solid #f6f6f6;}<\/style><span style class=\"fusion-imageframe imageframe imageframe-none imageframe-1 fusion-animated\" animation_class=\"fusion-animated\" data-animationType=\"fadeInUp\" data-animationDuration=\"1\"><a href=\"http:\/\/murscak.info\/hr\/wp-content\/uploads\/2014\/03\/staza-prijateljstva.jpg\" class=\"lightbox-shortcode\" rel=\"prettyPhoto\"><img src=\"http:\/\/murscak.info\/hr\/wp-content\/uploads\/2014\/03\/staza-prijateljstva.jpg\" alt=\"Staza prijteljstva s prirodom\" class=\"img-responsive\" \/><\/a><\/span><\/div>\n<\/div><\/div><\/div>\n<div class=\"fusion-fullwidth fullwidth-box hentry\" style=\"background-attachment:fixed;background-color:#f8f8f8;background-image: url(http:\/\/murscak.info\/hr\/wp-content\/uploads\/2014\/06\/bkgd_bw2.jpg);background-position:top left;background-repeat:no-repeat;-webkit-background-size:cover;-moz-background-size:cover;-o-background-size:cover;background-size:cover;border-color:#e5e4e4;border-bottom-width: 1px;border-top-width: 1px;border-bottom-style: solid;border-top-style: solid;padding-bottom:15px;padding-top:35px;\"><div class=\"avada-row\">\n<div class=\"fusion-one-half one_half fusion-column\">\n<h1 style=\"text-align: center; font-size: 30px !important;\">Uz stazu je postavljeno 12 interpretacijskih plo\u010da!<\/h1>\n<p style=\"text-align: center; margin-top: -10px; font-size: 17px !important; line-height: 24px !important;\">S jedne strane plo\u010da mo\u017eete na\u0107i informacije o prirodi, biljnim i \u017eivotinjskim vrstama koje obitavaju na ovim prostorima kao i o va\u017enosti o\u010duvanja ugro\u017eenih vrsta i prirodne ravnote\u017ee u ovom podru\u010dju.<\/p>\n<p>Druga strana plo\u010da daje nam informacije o va\u017enijim povijesnim \u010dinjenicama ovog podru\u010dja. Mo\u017eemo saznati pone\u0161to o dru\u0161tvenom i kulturnom \u017eivotu te napretku podru\u010dja dana\u0161nje Op\u0107ine Doma\u0161inec a i \u0161ire.<\/p>\n<\/div>\n<div class=\"fusion-one-half one_half fusion-column last\">\n<div class=\"fusion-sep-clear\"><\/div><div class=\"fusion-separator sep-none\" style=\"border-color:#e0dede;margin-top:20px;\"><\/div>\n<div class=\"imageframe-align-center\"><style type=\"text\/css\">.imageframe-2 img{border:0px solid #f6f6f6;}<\/style><span style class=\"fusion-imageframe imageframe imageframe-none imageframe-2 fusion-animated\" animation_class=\"fusion-animated\" data-animationType=\"fadeInUp\" data-animationDuration=\"1\"><a href=\"http:\/\/murscak.info\/hr\/wp-content\/uploads\/2014\/07\/tabla-7.jpg\" class=\"lightbox-shortcode\" rel=\"prettyPhoto\"><img src=\"http:\/\/murscak.info\/hr\/wp-content\/uploads\/2014\/07\/tabla-7.jpg\" alt=\"tabla-7\" class=\"img-responsive\" \/><br class=\"img-responsive\" \/>\n<\/a><\/span><\/div>\n<\/div><div class=\"fusion-clearfix\"><\/div>\n<div class=\"fusion-sep-clear\"><\/div><div class=\"fusion-separator sep-none\" style=\"border-color:#e0dede;margin-top:20px;\"><\/div>\n<div class=\"fusion-counters-box counters-box row fusion-clearfix fusion-columns-3\">\n<div class=\"fusion-counter-box fusion-column col-counter-box counter-box-wrapper col-lg-4 col-md-4 col-sm-4\"><div class=\"counter-box-container  counter-box-border\"><div class=\"content-box-percentage content-box-counter\" style=\"color:#9db668;\"><span class=\"display-counter\" data-value=\"1500\" data-direction=\"up\">0<\/span><span class=\"unit\">ha<\/span><\/div><div class=\"counter-box-content\">je povr\u0161ina na kojoj se prote\u017ee podru\u010dje Mur\u0161\u010daka.<\/div><\/div><\/div>\n<div class=\"fusion-counter-box fusion-column col-counter-box counter-box-wrapper col-lg-4 col-md-4 col-sm-4\"><div class=\"counter-box-container  counter-box-border\"><div class=\"content-box-percentage content-box-counter\" style=\"color:#9db668;\"><i class=\"counter-box-icon fa fontawesome-icon fa-arrow-right size-large\"><\/i><span class=\"display-counter\" data-value=\"6300\" data-direction=\"up\">0<\/span><span class=\"unit\">m<\/span><\/div><div class=\"counter-box-content\">je du\u017eina pou\u010dne staze<\/div><\/div><\/div>\n<div class=\"fusion-counter-box fusion-column col-counter-box counter-box-wrapper col-lg-4 col-md-4 col-sm-4\"><div class=\"counter-box-container  counter-box-border\"><div class=\"content-box-percentage content-box-counter\" style=\"color:#9db668;\"><i class=\"counter-box-icon fa fontawesome-icon fa-spotify size-large\"><\/i><span class=\"display-counter\" data-value=\"12\" data-direction=\"up\">0<\/span><\/div><div class=\"counter-box-content\">obilje\u017eenih stajali\u0161ta<\/div><\/div><\/div>\n<\/div><div class=\"clearfix\"><\/div>\n<div class=\"fusion-two-third two_third fusion-column\">\n<iframe loading=\"lazy\" src=\"https:\/\/www.google.com\/maps\/d\/embed?mid=1Duo1nhd9QvK42TZgxjyDY_Qnx8mAMF0&#038;hl=hr&#038;ehbc=2E312F\" width=\"640\" height=\"480\"><\/iframe><br \/>\n<\/div>\n<div class=\"fusion-one-third one_third fusion-column last\">U centru Doma\u0161inca\u00a0nalazi se plo\u010da s putokazom te dolaznim pravcima.  <\/div><div class=\"fusion-clearfix\"><\/div>\n<\/div><\/div>\n<div class=\"fusion-fullwidth fullwidth-box hentry\" style=\"background-attachment:fixed;background-color:#f8f8f8;background-position:top left;background-repeat:no-repeat;-webkit-background-size:cover;-moz-background-size:cover;-o-background-size:cover;background-size:cover;border-color:#e5e4e4;border-bottom-width: 1px;border-top-width: 1px;border-bottom-style: solid;border-top-style: solid;padding-bottom:15px;padding-top:35px;\"><div class=\"avada-row\">\n<div class=\"fusion-title title\"><h2 class=\"title-heading-left\">Autorstvo:<\/h2><div class=\"title-sep-container\"><div class=\"title-sep sep-single sep-solid\"><\/div><\/div><\/div>\n<div class=\"fusion-one-half one_half fusion-column\">Autor pou\u010dne staze Mur\u0161\u010dak je <strong>Marija Puri\u0107-Hranjec dipl.ing.biologije<\/strong>, temeljem ista\u017eivanja <strong>Udruge \u201cMura\u201d<\/strong><\/div>\n<div class=\"fusion-one-half one_half fusion-column last\">Autor povijesnog dijela Pou\u010dne staze \u201cMur\u0161\u010dak\u201d \u2013 \u00a0<strong>Mr.sc. Vladimir Kal\u0161an<\/strong><\/div><div class=\"fusion-clearfix\"><\/div>\n<\/div><\/div>\n","protected":false},"excerpt":{"rendered":"","protected":false},"author":1,"featured_media":0,"parent":0,"menu_order":0,"comment_status":"closed","ping_status":"closed","template":"100-width.php","meta":[],"_links":{"self":[{"href":"https:\/\/murscak.info\/hr\/wp-json\/wp\/v2\/pages\/4548"}],"collection":[{"href":"https:\/\/murscak.info\/hr\/wp-json\/wp\/v2\/pages"}],"about":[{"href":"https:\/\/murscak.info\/hr\/wp-json\/wp\/v2\/types\/page"}],"author":[{"embeddable":true,"href":"https:\/\/murscak.info\/hr\/wp-json\/wp\/v2\/users\/1"}],"replies":[{"embeddable":true,"href":"https:\/\/murscak.info\/hr\/wp-json\/wp\/v2\/comments?post=4548"}],"version-history":[{"count":31,"href":"https:\/\/murscak.info\/hr\/wp-json\/wp\/v2\/pages\/4548\/revisions"}],"predecessor-version":[{"id":11101,"href":"https:\/\/murscak.info\/hr\/wp-json\/wp\/v2\/pages\/4548\/revisions\/11101"}],"wp:attachment":[{"href":"https:\/\/murscak.info\/hr\/wp-json\/wp\/v2\/media?parent=4548"}],"curies":[{"name":"wp","href":"https:\/\/api.w.org\/{rel}","templated":true}]}}